{"id":248,"date":"2019-09-16T00:46:30","date_gmt":"2019-09-15T22:46:30","guid":{"rendered":"http:\/\/the-home.berlin\/?page_id=248"},"modified":"2026-02-08T09:40:26","modified_gmt":"2026-02-08T07:40:26","slug":"home","status":"publish","type":"page","link":"https:\/\/the-home.berlin\/","title":{"rendered":"HOME"},"content":{"rendered":"<h5>self-defense.academy<\/h5>\n<h2 class=\"entry-title\"><a href=\"https:\/\/the-home.berlin\/\" rel=\"bookmark\">Selbstverteidigung \u2013 einfach, effektiv und kompromisslos!<\/a><\/h2>\n<div class=\"entry-content\">\n<p><strong> <a title=\"I defend! ziviler Selbstschutz pur.\" href=\"https:\/\/i-def.systems\" target=\"_blank\" rel=\"noopener nofollow\">i-def.systems<\/a> ist instinktive und funktionale Selbstverteidigung f\u00fcr reale kritische Situationen. Frei von milit\u00e4rischen und beh\u00f6rdlichen Methoden \u2013 ziviler Selbstschutz pur.<\/strong><\/p>\n<p><strong>Krav Maga<\/strong> ist ein leicht erlernbares, aber sehr effektives System zur Selbstverteidigung. Es gibt weder Wettk\u00e4mpfe noch konkrete Regeln bei <a href=\"http:\/\/krav-maga-in-berlin.de\" target=\"_blank\" rel=\"noopener noreferrer nofollow\">Krav Maga in Berlin.<br \/><\/a><br \/>Wir bieten regelm\u00e4\u00dfiges Selbstverteidigungs-Training in der Gruppe (<a href=\"https:\/\/the-home.berlin\/index.php\/stundenplan\/\">Trainingszeiten<\/a>), <a href=\"https:\/\/krav-maga.coach\/\" target=\"_blank\" rel=\"noopener noreferrer nofollow\">\u00a0in Kleingruppen- oder als Einzeltraining<\/a>, Workshops und Seminare -gerne auch bei Dir vor Ort- an.\u00a0<\/p>\n<\/div>\n\n\n<div class=\"wp-block-buttons is-content-justification-center is-layout-flex wp-container-core-buttons-is-layout-16018d1d wp-block-buttons-is-layout-flex\">\n<div class=\"wp-block-button\"><a class=\"wp-block-button__link has-text-align-center wp-element-button\" href=\"https:\/\/the-home.berlin\/index.php\/welcome-home\/\">mail@HOME<\/a><\/div>\n<\/div>\n\n\n\n<p><\/p>\n","protected":false},"excerpt":{"rendered":"<p>self-defense.academy Selbstverteidigung \u2013 einfach, effektiv und kompromisslos! i-def.systems ist instinktive und funktionale Selbstverteidigung f\u00fcr reale kritische Situationen. Frei von milit\u00e4rischen und beh\u00f6rdlichen Methoden \u2013 ziviler Selbstschutz pur. Krav Maga ist ein leicht erlernbares, aber sehr effektives System zur Selbstverteidigung. Es gibt weder Wettk\u00e4mpfe noch konkrete Regeln bei Krav Maga in Berlin.Wir bieten regelm\u00e4\u00dfiges Selbstverteidigungs-Training in &hellip; <a href=\"https:\/\/the-home.berlin\/\" class=\"more-link\"><span class=\"screen-reader-text\">\u201eHOME\u201c <\/span>weiterlesen<\/a><\/p>\n","protected":false},"author":1,"featured_media":0,"parent":0,"menu_order":0,"comment_status":"closed","ping_status":"closed","template":"","meta":{"_acf_changed":false,"footnotes":""},"class_list":["post-248","page","type-page","status-publish","hentry"],"acf":[],"_links":{"self":[{"href":"https:\/\/the-home.berlin\/index.php\/wp-json\/wp\/v2\/pages\/248","targetHints":{"allow":["GET"]}}],"collection":[{"href":"https:\/\/the-home.berlin\/index.php\/wp-json\/wp\/v2\/pages"}],"about":[{"href":"https:\/\/the-home.berlin\/index.php\/wp-json\/wp\/v2\/types\/page"}],"author":[{"embeddable":true,"href":"https:\/\/the-home.berlin\/index.php\/wp-json\/wp\/v2\/users\/1"}],"replies":[{"embeddable":true,"href":"https:\/\/the-home.berlin\/index.php\/wp-json\/wp\/v2\/comments?post=248"}],"version-history":[{"count":20,"href":"https:\/\/the-home.berlin\/index.php\/wp-json\/wp\/v2\/pages\/248\/revisions"}],"predecessor-version":[{"id":1472,"href":"https:\/\/the-home.berlin\/index.php\/wp-json\/wp\/v2\/pages\/248\/revisions\/1472"}],"wp:attachment":[{"href":"https:\/\/the-home.berlin\/index.php\/wp-json\/wp\/v2\/media?parent=248"}],"curies":[{"name":"wp","href":"https:\/\/api.w.org\/{rel}","templated":true}]}}