{"id":1532,"date":"2026-02-24T14:32:04","date_gmt":"2026-02-24T12:32:04","guid":{"rendered":"https:\/\/the-home.berlin\/?page_id=1532"},"modified":"2026-02-24T14:39:36","modified_gmt":"2026-02-24T12:39:36","slug":"probetraining","status":"publish","type":"page","link":"https:\/\/the-home.berlin\/index.php\/probetraining\/","title":{"rendered":"Probetrainingsvereinbarung"},"content":{"rendered":"<div class=\"wpforms-container wpforms-container-full\" id=\"wpforms-1507\"><form id=\"wpforms-form-1507\" class=\"wpforms-validate wpforms-form wpforms-ajax-form\" data-formid=\"1507\" method=\"post\" enctype=\"multipart\/form-data\" action=\"\/index.php\/wp-json\/wp\/v2\/pages\/1532?wpforms_form_id=1507\" data-token=\"fcceed9d399cbfae5f1225da98360dbc\" data-token-time=\"1776369618\"><noscript class=\"wpforms-error-noscript\">Bitte aktiviere JavaScript in deinem Browser, um dieses Formular fertigzustellen.<\/noscript><div class=\"wpforms-field-container\"><div id=\"wpforms-1507-field_25-container\" class=\"wpforms-field wpforms-field-divider\" data-field-id=\"25\"><h3 id=\"wpforms-1507-field_25\">Hinweis<\/h3><div class=\"wpforms-field-description\">Das Probetraining umfasst einen einzelnen kostenfreien Termin und dient der beiderseitigen Einsch\u00e4tzung.\nEine Teilnahme ist nur nach Best\u00e4tigung dieser Vereinbarung m\u00f6glich.<\/div><\/div><div id=\"wpforms-1507-field_1-container\" class=\"wpforms-field wpforms-field-name\" data-field-id=\"1\"><label class=\"wpforms-field-label\">Name <span class=\"wpforms-required-label\">*<\/span><\/label><div class=\"wpforms-field-row wpforms-field-medium\"><div class=\"wpforms-field-row-block wpforms-first wpforms-one-half\"><input type=\"text\" id=\"wpforms-1507-field_1\" class=\"wpforms-field-name-first wpforms-field-required\" name=\"wpforms[fields][1][first]\" required><label for=\"wpforms-1507-field_1\" class=\"wpforms-field-sublabel after\">Vorname<\/label><\/div><div class=\"wpforms-field-row-block wpforms-one-half\"><input type=\"text\" id=\"wpforms-1507-field_1-last\" class=\"wpforms-field-name-last wpforms-field-required\" name=\"wpforms[fields][1][last]\" required><label for=\"wpforms-1507-field_1-last\" class=\"wpforms-field-sublabel after\">Nachname<\/label><\/div><\/div><\/div><div id=\"wpforms-1507-field_3-container\" class=\"wpforms-field wpforms-field-date-time\" data-field-id=\"3\"><label class=\"wpforms-field-label\" for=\"wpforms-1507-field_3\">Geburtsdatum <span class=\"wpforms-required-label\">*<\/span><\/label><div class=\"wpforms-datepicker-wrap\"><input type=\"text\" id=\"wpforms-1507-field_3\" class=\"wpforms-field-date-time-date wpforms-datepicker wpforms-field-required wpforms-field-medium\" data-date-format=\"d.m.Y\" data-disable-past-dates=\"0\" data-input=\"true\" name=\"wpforms[fields][3][date]\" required><a title=\"Datum leeren\" data-clear role=\"button\" tabindex=\"0\" class=\"wpforms-datepicker-clear\" aria-label=\"Datum leeren\" style=\"display:none;\"><\/a><\/div><\/div><div id=\"wpforms-1507-field_4-container\" class=\"wpforms-field wpforms-field-text\" data-field-id=\"4\"><label class=\"wpforms-field-label\" for=\"wpforms-1507-field_4\">Stra\u00dfe und Hausnummer<\/label><input type=\"text\" id=\"wpforms-1507-field_4\" class=\"wpforms-field-medium\" name=\"wpforms[fields][4]\" ><\/div>\t\t<div id=\"wpforms-1507-field_2-container\"\n\t\t\tclass=\"wpforms-field wpforms-field-text\"\n\t\t\tdata-field-type=\"text\"\n\t\t\tdata-field-id=\"2\"\n\t\t\t>\n\t\t\t<label class=\"wpforms-field-label\" for=\"wpforms-1507-field_2\" >Unterschriebene Name Best\u00e4tigung<\/label>\n\t\t\t<input type=\"text\" id=\"wpforms-1507-field_2\" class=\"wpforms-field-medium\" name=\"wpforms[fields][2]\" >\n\t\t<\/div>\n\t\t<div id=\"wpforms-1507-field_5-container\" class=\"wpforms-field wpforms-field-text\" data-field-id=\"5\"><label class=\"wpforms-field-label\" for=\"wpforms-1507-field_5\">PLZ<\/label><input type=\"text\" id=\"wpforms-1507-field_5\" class=\"wpforms-field-medium\" name=\"wpforms[fields][5]\" ><\/div><div id=\"wpforms-1507-field_6-container\" class=\"wpforms-field wpforms-field-text\" data-field-id=\"6\"><label class=\"wpforms-field-label\" for=\"wpforms-1507-field_6\">Ort<\/label><input type=\"text\" id=\"wpforms-1507-field_6\" class=\"wpforms-field-medium\" name=\"wpforms[fields][6]\" ><\/div><div id=\"wpforms-1507-field_7-container\" class=\"wpforms-field wpforms-field-phone\" data-field-id=\"7\"><label class=\"wpforms-field-label\" for=\"wpforms-1507-field_7\">Telefonnummer <span class=\"wpforms-required-label\">*<\/span><\/label><input type=\"tel\" id=\"wpforms-1507-field_7\" class=\"wpforms-field-medium wpforms-field-required\" data-rule-int-phone-field=\"true\" name=\"wpforms[fields][7]\" aria-label=\"Telefonnummer\" required><\/div><div id=\"wpforms-1507-field_8-container\" class=\"wpforms-field wpforms-field-email\" data-field-id=\"8\"><label class=\"wpforms-field-label\">E-Mail-Adresse <span class=\"wpforms-required-label\">*<\/span><\/label><div class=\"wpforms-field-row wpforms-field-medium\"><div class=\"wpforms-field-row-block wpforms-one-half wpforms-first\"><input type=\"email\" id=\"wpforms-1507-field_8\" class=\"wpforms-field-required wpforms-field-email-primary\" name=\"wpforms[fields][8][primary]\" spellcheck=\"false\" required><label for=\"wpforms-1507-field_8\" class=\"wpforms-field-sublabel after\">E-Mail-Adresse<\/label><\/div><div class=\"wpforms-field-row-block wpforms-one-half\"><input type=\"email\" id=\"wpforms-1507-field_8-secondary\" class=\"wpforms-field-email-secondary wpforms-field-required\" data-rule-confirm=\"#wpforms-1507-field_8\" name=\"wpforms[fields][8][secondary]\" spellcheck=\"false\" required><label for=\"wpforms-1507-field_8-secondary\" class=\"wpforms-field-sublabel after\">E-Mail best\u00e4tigen<\/label><\/div><\/div><\/div><div id=\"wpforms-1507-field_9-container\" class=\"wpforms-field wpforms-field-text\" data-field-id=\"9\"><label class=\"wpforms-field-label\" for=\"wpforms-1507-field_9\">Bei Minderj\u00e4hrigen: Name(-n) der sorgeberechtigten Person(-en)<\/label><input type=\"text\" id=\"wpforms-1507-field_9\" class=\"wpforms-field-medium\" name=\"wpforms[fields][9]\" ><\/div><div id=\"wpforms-1507-field_10-container\" class=\"wpforms-field wpforms-field-divider\" data-field-id=\"10\"><h3 id=\"wpforms-1507-field_10\">Umfang der Probetrainings<\/h3><\/div><div id=\"wpforms-1507-field_11-container\" class=\"wpforms-field wpforms-field-checkbox\" data-field-id=\"11\"><label class=\"wpforms-field-label\">Best\u00e4tigung <span class=\"wpforms-required-label\">*<\/span><\/label><ul id=\"wpforms-1507-field_11\" class=\"wpforms-field-required\"><li class=\"choice-1 depth-1\"><input type=\"checkbox\" id=\"wpforms-1507-field_11_1\" name=\"wpforms[fields][11][]\" value=\"Ich nehme zur Kenntnis, dass das Probetraining ausschlie\u00dflich einen einzelnen kostenfreien Trainingstermin umfasst und kein Anspruch auf weitere kostenlose Teilnahme am Training besteht.\" required ><label class=\"wpforms-field-label-inline\" for=\"wpforms-1507-field_11_1\">Ich nehme zur Kenntnis, dass das Probetraining ausschlie\u00dflich einen einzelnen kostenfreien Trainingstermin umfasst und kein Anspruch auf weitere kostenlose Teilnahme am Training besteht.<\/label><\/li><\/ul><\/div><div id=\"wpforms-1507-field_12-container\" class=\"wpforms-field wpforms-field-divider\" data-field-id=\"12\"><h3 id=\"wpforms-1507-field_12\">Gesundheit, Haftung und Eigenverantwortung<\/h3><div class=\"wpforms-field-description\">Bitte lies die folgenden Punkte aufmerksam durch.<\/div><\/div><div id=\"wpforms-1507-field_13-container\" class=\"wpforms-field wpforms-field-checkbox\" data-field-id=\"13\"><label class=\"wpforms-field-label\">Best\u00e4tigung <span class=\"wpforms-required-label\">*<\/span><\/label><ul id=\"wpforms-1507-field_13\" class=\"wpforms-field-required\"><li class=\"choice-1 depth-1\"><input type=\"checkbox\" id=\"wpforms-1507-field_13_1\" name=\"wpforms[fields][13][]\" value=\"Ich nehme eigenverantwortlich am Training teil.\" required ><label class=\"wpforms-field-label-inline\" for=\"wpforms-1507-field_13_1\">Ich nehme eigenverantwortlich am Training teil.<\/label><\/li><li class=\"choice-2 depth-1\"><input type=\"checkbox\" id=\"wpforms-1507-field_13_2\" name=\"wpforms[fields][13][]\" value=\"Mir ist bewusst, dass es sich um k\u00f6rperliches Training mit m\u00f6glichen Kontaktsituationen handelt und Verletzungen nicht vollst\u00e4ndig ausgeschlossen werden k\u00f6nnen.\" required ><label class=\"wpforms-field-label-inline\" for=\"wpforms-1507-field_13_2\">Mir ist bewusst, dass es sich um k\u00f6rperliches Training mit m\u00f6glichen Kontaktsituationen handelt und Verletzungen nicht vollst\u00e4ndig ausgeschlossen werden k\u00f6nnen.<\/label><\/li><li class=\"choice-3 depth-1\"><input type=\"checkbox\" id=\"wpforms-1507-field_13_3\" name=\"wpforms[fields][13][]\" value=\"Relevante gesundheitliche Einschr\u00e4nkungen teile ich vor Trainingsbeginn unaufgefordert mit.\" required ><label class=\"wpforms-field-label-inline\" for=\"wpforms-1507-field_13_3\">Relevante gesundheitliche Einschr\u00e4nkungen teile ich vor Trainingsbeginn unaufgefordert mit.<\/label><\/li><li class=\"choice-4 depth-1\"><input type=\"checkbox\" id=\"wpforms-1507-field_13_4\" name=\"wpforms[fields][13][]\" value=\"Die Teilnahme erfolgt auf eigene Gefahr im Rahmen der gesetzlichen Bestimmungen.\" required ><label class=\"wpforms-field-label-inline\" for=\"wpforms-1507-field_13_4\">Die Teilnahme erfolgt auf eigene Gefahr im Rahmen der gesetzlichen Bestimmungen.<\/label><\/li><\/ul><\/div><div id=\"wpforms-1507-field_14-container\" class=\"wpforms-field wpforms-field-divider\" data-field-id=\"14\"><h3 id=\"wpforms-1507-field_14\">Sicherheitsregeln und Weisungsrecht<\/h3><\/div><div id=\"wpforms-1507-field_15-container\" class=\"wpforms-field wpforms-field-checkbox\" data-field-id=\"15\"><label class=\"wpforms-field-label\">Best\u00e4tigung <span class=\"wpforms-required-label\">*<\/span><\/label><ul id=\"wpforms-1507-field_15\" class=\"wpforms-field-required\"><li class=\"choice-1 depth-1\"><input type=\"checkbox\" id=\"wpforms-1507-field_15_1\" name=\"wpforms[fields][15][]\" value=\"Ich verpflichte mich, den Anweisungen des Instructors uneingeschr\u00e4nkt Folge zu leisten. Bei gef\u00e4hrdendem Verhalten oder Verst\u00f6\u00dfen kann die Teilnahme jederzeit beendet werden.\" required ><label class=\"wpforms-field-label-inline\" for=\"wpforms-1507-field_15_1\">Ich verpflichte mich, den Anweisungen des Instructors uneingeschr\u00e4nkt Folge zu leisten. Bei gef\u00e4hrdendem Verhalten oder Verst\u00f6\u00dfen kann die Teilnahme jederzeit beendet werden.<\/label><\/li><\/ul><\/div><div id=\"wpforms-1507-field_16-container\" class=\"wpforms-field wpforms-field-divider\" data-field-id=\"16\"><h3 id=\"wpforms-1507-field_16\">Foto- und Videoaufnahmen<\/h3><div class=\"wpforms-field-description\">Die Einwilligung ist freiwillig und kann jederzeit mit Wirkung f\u00fcr die Zukunft widerrufen werden.<\/div><\/div><div id=\"wpforms-1507-field_17-container\" class=\"wpforms-field wpforms-field-checkbox\" data-field-id=\"17\"><label class=\"wpforms-field-label\">Einwilligung zu Foto- und Videoaufnahmen <span class=\"wpforms-required-label\">*<\/span><\/label><ul id=\"wpforms-1507-field_17\" class=\"wpforms-field-required\"><li class=\"choice-1 depth-1\"><input type=\"checkbox\" id=\"wpforms-1507-field_17_1\" name=\"wpforms[fields][17][]\" value=\"Ich willige in die Anfertigung und Nutzung von Foto- und Videoaufnahmen zu Zwecken der \u00d6ffentlichkeitsarbeit ein.\" required ><label class=\"wpforms-field-label-inline\" for=\"wpforms-1507-field_17_1\">Ich willige in die Anfertigung und Nutzung von Foto- und Videoaufnahmen zu Zwecken der \u00d6ffentlichkeitsarbeit ein.<\/label><\/li><li class=\"choice-2 depth-1\"><input type=\"checkbox\" id=\"wpforms-1507-field_17_2\" name=\"wpforms[fields][17][]\" value=\"Ich willige nicht ein.\" required ><label class=\"wpforms-field-label-inline\" for=\"wpforms-1507-field_17_2\">Ich willige nicht ein.<\/label><\/li><\/ul><\/div><div id=\"wpforms-1507-field_18-container\" class=\"wpforms-field wpforms-field-divider\" data-field-id=\"18\"><h3 id=\"wpforms-1507-field_18\">Datenschutz<\/h3><div class=\"wpforms-field-description\">Die erhobenen personenbezogenen Daten dienen ausschlie\u00dflich der Organisation und Durchf\u00fchrung des Probetrainings sowie der Kontaktaufnahme.\nEine Weitergabe an Dritte erfolgt nicht, sofern keine gesetzliche Verpflichtung besteht.\nDie Speicherung erfolgt nur so lange, wie dies zur Zweckerf\u00fcllung erforderlich ist.\nGesetzliche Aufbewahrungspflichten bleiben unber\u00fchrt.<\/div><\/div><div id=\"wpforms-1507-field_19-container\" class=\"wpforms-field wpforms-field-checkbox\" data-field-id=\"19\"><label class=\"wpforms-field-label\">Best\u00e4tigung <span class=\"wpforms-required-label\">*<\/span><\/label><ul id=\"wpforms-1507-field_19\" class=\"wpforms-field-required\"><li class=\"choice-1 depth-1\"><input type=\"checkbox\" id=\"wpforms-1507-field_19_1\" name=\"wpforms[fields][19][]\" value=\"Ich habe die Datenschutzhinweise zur Kenntnis genommen.\" required ><label class=\"wpforms-field-label-inline\" for=\"wpforms-1507-field_19_1\">Ich habe die Datenschutzhinweise zur Kenntnis genommen.<\/label><\/li><\/ul><\/div><div id=\"wpforms-1507-field_20-container\" class=\"wpforms-field wpforms-field-divider\" data-field-id=\"20\"><h3 id=\"wpforms-1507-field_20\">Verbindliche Erkl\u00e4rung<\/h3><div class=\"wpforms-field-description\">Mit meiner Unterschrift best\u00e4tige ich die Richtigkeit der gemachten Angaben und erkenne die vorstehenden Bedingungen verbindlich an.\nUnrichtige oder unvollst\u00e4ndige Angaben k\u00f6nnen zum sofortigen Ausschluss vom Training f\u00fchren. Mit dieser Best\u00e4tigung wird die Anmeldung verbindlich.<\/div><\/div><div id=\"wpforms-1507-field_21-container\" class=\"wpforms-field wpforms-field-radio wpforms-conditional-trigger\" data-field-id=\"21\"><label class=\"wpforms-field-label\">Art der Unterzeichnung <span class=\"wpforms-required-label\">*<\/span><\/label><ul id=\"wpforms-1507-field_21\" class=\"wpforms-field-required\"><li class=\"choice-1 depth-1\"><input type=\"radio\" id=\"wpforms-1507-field_21_1\" name=\"wpforms[fields][21]\" value=\"Digitale Unterschrift direkt im Formular\" required ><label class=\"wpforms-field-label-inline\" for=\"wpforms-1507-field_21_1\">Digitale Unterschrift direkt im Formular<\/label><\/li><li class=\"choice-2 depth-1\"><input type=\"radio\" id=\"wpforms-1507-field_21_2\" name=\"wpforms[fields][21]\" value=\"Unterschriebene Vereinbarung als Datei hochladen\" required ><label class=\"wpforms-field-label-inline\" for=\"wpforms-1507-field_21_2\">Unterschriebene Vereinbarung als Datei hochladen<\/label><\/li><\/ul><\/div><div id=\"wpforms-1507-field_22-container\" class=\"wpforms-field wpforms-field-text wpforms-conditional-field wpforms-conditional-show\" data-field-id=\"22\" style=\"display:none;\"><label class=\"wpforms-field-label\" for=\"wpforms-1507-field_22\">Vollst\u00e4ndiger Name als elektronische Signatur <span class=\"wpforms-required-label\">*<\/span><\/label><input type=\"text\" id=\"wpforms-1507-field_22\" class=\"wpforms-field-medium wpforms-field-required\" name=\"wpforms[fields][22]\" required><div class=\"wpforms-field-description\">Bitte gib Deinen vollst\u00e4ndigen Namen - wie im Ausweisdokument - ein. Dies gilt als verbindliche elektronische Signatur.<\/div><\/div><div id=\"wpforms-1507-field_23-container\" class=\"wpforms-field wpforms-field-checkbox\" data-field-id=\"23\"><label class=\"wpforms-field-label\">Best\u00e4tigung <span class=\"wpforms-required-label\">*<\/span><\/label><ul id=\"wpforms-1507-field_23\" class=\"wpforms-field-required\"><li class=\"choice-1 depth-1\"><input type=\"checkbox\" id=\"wpforms-1507-field_23_1\" name=\"wpforms[fields][23][]\" value=\"Ich best\u00e4tige die Richtigkeit meiner Angaben und gebe diese Erkl\u00e4rung verbindlich ab.\" required ><label class=\"wpforms-field-label-inline\" for=\"wpforms-1507-field_23_1\">Ich best\u00e4tige die Richtigkeit meiner Angaben und gebe diese Erkl\u00e4rung verbindlich ab.<\/label><\/li><\/ul><\/div><div id=\"wpforms-1507-field_24-container\" class=\"wpforms-field wpforms-field-file-upload wpforms-conditional-field wpforms-conditional-show\" data-field-id=\"24\" style=\"display:none;\"><label class=\"wpforms-field-label\" for=\"wpforms-1507-field_24\">Unterschriebene Vereinbarung (PDF oder Foto) hochladen <span class=\"wpforms-required-label\">*<\/span><\/label><div\n\t\tclass=\"wpforms-uploader wpforms-field-required\"\n\t\tdata-field-id=\"24\"\n\t\tdata-form-id=\"1507\"\n\t\tdata-input-name=\"wpforms_1507_24\"\n\t\tdata-extensions=\"pdf,jpg,jpeg,png\"\n\t\tdata-max-size=\"16777216\"\n\t\tdata-max-file-number=\"1\"\n\t\tdata-post-max-size=\"16777216\"\n\t\tdata-max-parallel-uploads=\"4\"\n\t\tdata-parallel-uploads=\"true\"\n\t\tdata-file-chunk-size=\"2097152\">\n\t<div class=\"dz-message\">\n\t\t<svg  viewBox=\"0 0 640 640\" focusable=\"false\" data-icon=\"inbox\" width=\"50px\" height=\"50px\" fill=\"currentColor\" aria-hidden=\"true\">\n\t\t\t<path d=\"M352 173.3L352 384C352 401.7 337.7 416 320 416C302.3 416 288 401.7 288 384L288 173.3L246.6 214.7C234.1 227.2 213.8 227.2 201.3 214.7C188.8 202.2 188.8 181.9 201.3 169.4L297.3 73.4C309.8 60.9 330.1 60.9 342.6 73.4L438.6 169.4C451.1 181.9 451.1 202.2 438.6 214.7C426.1 227.2 405.8 227.2 393.3 214.7L352 173.3zM320 464C364.2 464 400 428.2 400 384L480 384C515.3 384 544 412.7 544 448L544 480C544 515.3 515.3 544 480 544L160 544C124.7 544 96 515.3 96 480L96 448C96 412.7 124.7 384 160 384L240 384C240 428.2 275.8 464 320 464zM464 488C477.3 488 488 477.3 488 464C488 450.7 477.3 440 464 440C450.7 440 440 450.7 440 464C440 477.3 450.7 488 464 488z\"\/>\n\t\t<\/svg>\n\n\t\t<span class=\"modern-title\">\n\t\t\t\t\t\t\tDrag &amp; Drop Files, \t\t\t\t<span>Choose Files to Upload<\/span>\n\t\t\t\t\t<\/span>\n\n\t\t\t<\/div>\n<\/div>\n\n<input\n\t\ttype=\"text\"\n\t\tautocomplete=\"off\"\n\t\treadonly\n\t\tclass=\"dropzone-input\"\n\t\tstyle=\"position:absolute!important;clip:rect(0,0,0,0)!important;height:1px!important;width:1px!important;border:0!important;overflow:hidden!important;padding:0!important;margin:0!important;\"\n\t\tid=\"wpforms-1507-field_24\"\n\t\tname=\"wpforms_1507_24\" required\t\tvalue=\"\">\n<div class=\"wpforms-field-description\">Die Probetrainingsvereinbarung kann hier heruntergeladen werden:\n<a href=\"https:\/\/the-home.berlin\/wp-content\/uploads\/2026\/02\/probetraining-vereinbarung-the-home-berlin.pdf\" target=\"_blank\"> Probetrainingsvereinbarung Krav Maga @ THE-HOME.BERLIN<\/a>. Diese Vereinbarung gilt nur in Verbindung mit einer best\u00e4tigten Terminvereinbarung.<\/div><\/div><script>\n\t\t\t\t( function() {\n\t\t\t\t\tconst style = document.createElement( 'style' );\n\t\t\t\t\tstyle.appendChild( document.createTextNode( '#wpforms-1507-field_2-container { position: absolute !important; overflow: hidden !important; display: inline !important; height: 1px !important; width: 1px !important; z-index: -1000 !important; padding: 0 !important; } #wpforms-1507-field_2-container input { visibility: hidden; } #wpforms-conversational-form-page #wpforms-1507-field_2-container label { counter-increment: none; }' ) );\n\t\t\t\t\tdocument.head.appendChild( style );\n\t\t\t\t\tdocument.currentScript?.remove();\n\t\t\t\t} )();\n\t\t\t<\/script><\/div><!-- .wpforms-field-container --><div class=\"wpforms-submit-container\" ><input type=\"hidden\" name=\"wpforms[id]\" value=\"1507\"><input type=\"hidden\" name=\"page_title\" value=\"\"><input type=\"hidden\" name=\"page_url\" value=\"https:\/\/the-home.berlin\/index.php\/wp-json\/wp\/v2\/pages\/1532\"><input type=\"hidden\" name=\"url_referer\" value=\"\"><button type=\"submit\" name=\"wpforms[submit]\" id=\"wpforms-submit-1507\" class=\"wpforms-submit\" data-alt-text=\"Wird gesendet\u00a0\u2026\" data-submit-text=\"Absenden\" aria-live=\"assertive\" value=\"wpforms-submit\">Absenden<\/button><img loading=\"lazy\" decoding=\"async\" src=\"https:\/\/the-home.berlin\/wp-content\/plugins\/wpforms\/assets\/images\/submit-spin.svg\" class=\"wpforms-submit-spinner\" style=\"display: none;\" width=\"26\" height=\"26\" alt=\"Wird geladen\"><\/div><\/form><\/div>  <!-- .wpforms-container -->\n","protected":false},"excerpt":{"rendered":"","protected":false},"author":1,"featured_media":0,"parent":0,"menu_order":0,"comment_status":"closed","ping_status":"closed","template":"","meta":{"_acf_changed":false,"footnotes":""},"class_list":["post-1532","page","type-page","status-publish","hentry"],"acf":[],"_links":{"self":[{"href":"https:\/\/the-home.berlin\/index.php\/wp-json\/wp\/v2\/pages\/1532","targetHints":{"allow":["GET"]}}],"collection":[{"href":"https:\/\/the-home.berlin\/index.php\/wp-json\/wp\/v2\/pages"}],"about":[{"href":"https:\/\/the-home.berlin\/index.php\/wp-json\/wp\/v2\/types\/page"}],"author":[{"embeddable":true,"href":"https:\/\/the-home.berlin\/index.php\/wp-json\/wp\/v2\/users\/1"}],"replies":[{"embeddable":true,"href":"https:\/\/the-home.berlin\/index.php\/wp-json\/wp\/v2\/comments?post=1532"}],"version-history":[{"count":3,"href":"https:\/\/the-home.berlin\/index.php\/wp-json\/wp\/v2\/pages\/1532\/revisions"}],"predecessor-version":[{"id":1536,"href":"https:\/\/the-home.berlin\/index.php\/wp-json\/wp\/v2\/pages\/1532\/revisions\/1536"}],"wp:attachment":[{"href":"https:\/\/the-home.berlin\/index.php\/wp-json\/wp\/v2\/media?parent=1532"}],"curies":[{"name":"wp","href":"https:\/\/api.w.org\/{rel}","templated":true}]}}