{"id":1352,"date":"2026-01-20T09:45:40","date_gmt":"2026-01-20T07:45:40","guid":{"rendered":"https:\/\/the-home.berlin\/?page_id=1352"},"modified":"2026-01-20T09:55:19","modified_gmt":"2026-01-20T07:55:19","slug":"ehemalige-trainer-home","status":"publish","type":"page","link":"https:\/\/the-home.berlin\/index.php\/ehemalige-trainer-home\/","title":{"rendered":"ehemalige Trainer @ HOME"},"content":{"rendered":"\n<p><\/p>\n\n\n\n<figure class=\"wp-block-image size-full\"><a href=\"https:\/\/the-home.berlin\/wp-content\/uploads\/2018\/03\/vera-koehler-krav-maga-in-berlin-instructor-protect-1.png\"><img loading=\"lazy\" decoding=\"async\" width=\"500\" height=\"521\" src=\"https:\/\/the-home.berlin\/wp-content\/uploads\/2018\/03\/vera-koehler-krav-maga-in-berlin-instructor-protect-1.png\" alt=\"\" class=\"wp-image-634\" srcset=\"https:\/\/the-home.berlin\/wp-content\/uploads\/2018\/03\/vera-koehler-krav-maga-in-berlin-instructor-protect-1.png 500w, https:\/\/the-home.berlin\/wp-content\/uploads\/2018\/03\/vera-koehler-krav-maga-in-berlin-instructor-protect-1-288x300.png 288w\" sizes=\"auto, (max-width: 500px) 85vw, 500px\" \/><\/a><\/figure>\n\n\n\n<h1 class=\"wp-block-heading\">Vera K\u00f6hler<\/h1>\n\n\n\n<p id=\"block-7c3617ff-206c-49f3-b812-28817caa3ec1\"><strong>Kids&amp;Teens Instructor<\/strong><\/p>\n\n\n\n<p id=\"block-0b797158-497c-4553-8b00-f4477d4ca588\">zertifiziert von Protect Israeli Security Solutions<\/p>\n\n\n\n<p id=\"block-fb6baed3-d94a-412f-b936-292f6bea212c\">Da es mir schon immer sehr viel Spa\u00df macht, mit Kindern zu arbeiten, entschied ich mich Grundschullehramt zu studieren.<\/p>\n\n\n\n<p id=\"block-edff237e-a40d-4fcc-9b4b-af64a6c161e3\">Sportliche Aktivit\u00e4t ist f\u00fcr Kinder ein Muss, da sie nur durch ausreichend k\u00f6rperliche Bewegung sowohl ihre Grob- als auch Feinmotorik schulen und ein entsprechendes K\u00f6rpergef\u00fchl entwickeln k\u00f6nnen.<\/p>\n\n\n\n<p id=\"block-415f1abc-4979-4f1f-8889-ce352e444ef8\">Ich betrieb selbst begeistert Sportarten wie Turnen, Judo, Leichtathletik und Reiten. Als ich dann im Januar 2014 bei einem Krav Maga Intro-Seminar f\u00fcr Frauen Benny kennenlernte, packte mich zus\u00e4tzlich die Leidenschaft f\u00fcr Krav Maga. Dieses Selbstverteidigungssystem hilft mir nicht nur, fit zu bleiben, sondern auch, mich zu jeder Tages- und Nachtzeit in Berlin sicher zu f\u00fchlen.<\/p>\n\n\n\n<p id=\"block-36684735-755e-46fd-a929-90b3a2f3574f\">Das Selbstverteidigungssystem Krav Maga ist so einfach und effektiv zugleich, dass sogar ich als sehr kleine und leichte Frau, es schaffe, mich gegen gr\u00f6\u00dfere Angreifer zu verteidigen. Krav Maga bietet also auch Kindern die Chance, sich gegen St\u00e4rkere wehren zu k\u00f6nnen.<\/p>\n\n\n\n<p id=\"block-6af4e99e-eae4-44f8-bc77-7b6c57688ec3\">Dieses Gef\u00fchl der Sicherheit und das Selbstvertrauen in das eigene K\u00f6nnen, m\u00f6chte ich nun sehr gerne an die Kleinsten unter uns weitergeben.<\/p>\n\n\n\n<p id=\"block-d490d138-baac-4672-b7f3-e30c60200c42\">Deshalb nahm ich im Herbst 2017 an der Protect-Krav-Maga Instructor-Ausbildung bei Itay Gil teil.<\/p>\n\n\n\n<figure class=\"wp-block-image size-full\"><a href=\"https:\/\/the-home.berlin\/wp-content\/uploads\/2018\/03\/steffen-protect-krav-maga-instructor-i-def-systems-keysi-klein.png\"><img loading=\"lazy\" decoding=\"async\" width=\"500\" height=\"492\" src=\"https:\/\/the-home.berlin\/wp-content\/uploads\/2018\/03\/steffen-protect-krav-maga-instructor-i-def-systems-keysi-klein.png\" alt=\"\" class=\"wp-image-637\" srcset=\"https:\/\/the-home.berlin\/wp-content\/uploads\/2018\/03\/steffen-protect-krav-maga-instructor-i-def-systems-keysi-klein.png 500w, https:\/\/the-home.berlin\/wp-content\/uploads\/2018\/03\/steffen-protect-krav-maga-instructor-i-def-systems-keysi-klein-300x295.png 300w\" sizes=\"auto, (max-width: 500px) 85vw, 500px\" \/><\/a><\/figure>\n\n\n\n<h3 class=\"wp-block-heading\"><a href=\"http:\/\/the-home.berlin\/wp-content\/uploads\/2018\/03\/steffen-protect-krav-maga-instructor-i-def-systems-keysi-klein.png\"><\/a>Steffen Braungart<\/h3>\n\n\n\n<ul class=\"wp-block-list\">\n<li><strong>Ju Jutsu, 1. Dan mit \u00dcbungsleiterlizenz f\u00fcr Erwachsene und Kinder<\/strong><\/li>\n\n\n\n<li><strong>KEYSI by Justo Dieguez D.I.M.A. Instructor (KEYSI World)<\/strong><\/li>\n\n\n\n<li><strong>Krav Maga Instructor (<a href=\"http:\/\/www.protect.expert\/\" rel=\"nofollow noopener\" target=\"_blank\">Protect Israeli Security Solutions<\/a>)<\/strong><\/li>\n<\/ul>\n\n\n\n<p>Im Alter von 12 Jahren habe ich mit dem Judo begonnen. Danach ging meine Reise weiter zum Kung Fu. Da ich l\u00e4ngere Zeit in M\u00fcnchen gelebt habe, hatte ich das Gl\u00fcck bei dem wunderbaren Lehrer Sifu Alan Baklayan das traditionelle SIU LUM PAI KUNG FU zu trainieren.<\/p>\n\n\n\n<p>1995 habe ich dann JU JUTSU entdeckt und bin diesem Sport insgesamt 15 Jahre lang treu geblieben.<\/p>\n\n\n\n<p>2006 habe ich die Fight Academy von Christian Braun besucht und hier sehr viele neue Aspekte aus dem BJJ (BRAZILIAN JIU JITSU) und KALI kennengelernt.<\/p>\n\n\n\n<p>2014 bis 2016 habe ich eine Ausbildung als KEYSI-Instructor bei Justo Dieguez absolviert.<\/p>\n\n\n\n<p>Die Gefahren auf der Stra\u00dfe unterliegen aber einem st\u00e4ndigen Wandel. Realistische <strong>Selbstverteidigung<\/strong> hat nichts mit Sport, Wettk\u00e4mpfen und Regeln in eigentlichem Sinn zu tun, deshalb habe ich mich entschlossen meine Erfahrungen mit <strong>i-def.Systems<\/strong> weiterzugeben.<\/p>\n\n\n\n<p>2017 absolvierte ich au\u00dferdem erfolgreich die Ausbildung zum zertifizierten <strong><a href=\"http:\/\/www.protect.expert\/\" rel=\"nofollow noopener\" target=\"_blank\">Protect Israeli Security Solutions<\/a><\/strong> Krav Maga Instructor bei Itay Gil.<\/p>\n\n\n\n<figure class=\"wp-block-image size-full\"><a href=\"https:\/\/the-home.berlin\/wp-content\/uploads\/2018\/03\/martin-klingner-instinct-krav-maga-instructor-berlin.png\"><img loading=\"lazy\" decoding=\"async\" width=\"390\" height=\"611\" src=\"https:\/\/the-home.berlin\/wp-content\/uploads\/2018\/03\/martin-klingner-instinct-krav-maga-instructor-berlin.png\" alt=\"\" class=\"wp-image-633\" srcset=\"https:\/\/the-home.berlin\/wp-content\/uploads\/2018\/03\/martin-klingner-instinct-krav-maga-instructor-berlin.png 390w, https:\/\/the-home.berlin\/wp-content\/uploads\/2018\/03\/martin-klingner-instinct-krav-maga-instructor-berlin-191x300.png 191w\" sizes=\"auto, (max-width: 390px) 85vw, 390px\" \/><\/a><\/figure>\n\n\n\n<h1 class=\"wp-block-heading\">Martin Klingner<\/h1>\n\n\n\n<p id=\"block-b2ee0412-68ef-4dea-b22d-a6de2996ea6c\"><strong>Civilian Instructor<\/strong><\/p>\n\n\n\n<p id=\"block-afcd0132-4183-42be-bb39-547d7e465ab0\">zertifiziert von Instinct Integrated Israeli Combatives<\/p>\n\n\n\n<p id=\"block-59af58e6-ffc9-4f5d-a786-4a1dc288a448\">Ich habe 2010 mit einem Amerikanischen Kung Fu Stil begonnen und bis 2014 mit gro\u00dfer Motivation trainiert. Die Mischung aus Fitness, K\u00f6rperkoordination und Kampfelementen hat eine gro\u00dfe K\u00f6rperliche Herausforderung geboten. Leider fehlte dort jedoch trotz des Anspruchs ein Stra\u00dfenkampf-Stil zu sein die N\u00e4he zur Realit\u00e4t und ich beschloss mich nach etwas Neuem umzusehen.<\/p>\n\n\n\n<p id=\"block-eb7a811f-f7c4-48eb-b13a-1b3da9660c6c\">Gl\u00fccklicherweise war bereits mein erster Anlaufpunkt, <a href=\"https:\/\/krav-maga-in-berlin.de\" rel=\"nofollow noopener\" target=\"_blank\">Krav Maga in Berlin<\/a>, ein Volltreffer. Bennys entspannter Unterrichtsstil hat einen tollen Gegenpol zu den hierarchischen Strukturen im Kung Fu geboten.<\/p>\n\n\n\n<p id=\"block-239526c1-21c3-479a-9c67-223a337373df\">Krav Maga als Selbstverteidigungssystem hat mich zudem sofort \u00fcberzeugt und mir die Intensit\u00e4t geboten, die ich vorher vermisst hatte.<\/p>\n\n\n\n<p id=\"block-e430497b-84ee-4cff-a99a-69e3ad241b43\">Seit 2015 trainiere ich bei Benny zudem Keysi, da es eine sch\u00f6ne technische Erg\u00e4nzung zum Krav Maga bietet und die motorischen F\u00e4higkeiten auf den Pr\u00fcfstand stellt.<\/p>\n\n\n\n<p id=\"block-89291e8a-c81a-4a3f-8b34-c90bb36d567d\">Dank Bennys Engagement wurde mir im Mai 2016 die M\u00f6glichkeit geboten am Instinct Instructorkurs von Kfir Itzhaki teilzunehmen, die ich dankend wahrgenommen habe.<\/p>\n\n\n\n<p id=\"block-68cb02b9-517b-492e-99f7-c2021471d60b\">Im Oktober 2016 nahm ich zur Weiterbildung am Protect Israeli Security Solutions Krav Maga Instructor Development Course mit Itay Gil teil.<\/p>\n","protected":false},"excerpt":{"rendered":"<p>Vera K\u00f6hler Kids&amp;Teens Instructor zertifiziert von Protect Israeli Security Solutions Da es mir schon immer sehr viel Spa\u00df macht, mit Kindern zu arbeiten, entschied ich mich Grundschullehramt zu studieren. Sportliche Aktivit\u00e4t ist f\u00fcr Kinder ein Muss, da sie nur durch ausreichend k\u00f6rperliche Bewegung sowohl ihre Grob- als auch Feinmotorik schulen und ein entsprechendes K\u00f6rpergef\u00fchl entwickeln &hellip; <a href=\"https:\/\/the-home.berlin\/index.php\/ehemalige-trainer-home\/\" class=\"more-link\"><span class=\"screen-reader-text\">\u201eehemalige Trainer @ HOME\u201c <\/span>weiterlesen<\/a><\/p>\n","protected":false},"author":1,"featured_media":0,"parent":0,"menu_order":0,"comment_status":"closed","ping_status":"closed","template":"","meta":{"_acf_changed":false,"footnotes":""},"class_list":["post-1352","page","type-page","status-publish","hentry"],"acf":[],"_links":{"self":[{"href":"https:\/\/the-home.berlin\/index.php\/wp-json\/wp\/v2\/pages\/1352","targetHints":{"allow":["GET"]}}],"collection":[{"href":"https:\/\/the-home.berlin\/index.php\/wp-json\/wp\/v2\/pages"}],"about":[{"href":"https:\/\/the-home.berlin\/index.php\/wp-json\/wp\/v2\/types\/page"}],"author":[{"embeddable":true,"href":"https:\/\/the-home.berlin\/index.php\/wp-json\/wp\/v2\/users\/1"}],"replies":[{"embeddable":true,"href":"https:\/\/the-home.berlin\/index.php\/wp-json\/wp\/v2\/comments?post=1352"}],"version-history":[{"count":4,"href":"https:\/\/the-home.berlin\/index.php\/wp-json\/wp\/v2\/pages\/1352\/revisions"}],"predecessor-version":[{"id":1359,"href":"https:\/\/the-home.berlin\/index.php\/wp-json\/wp\/v2\/pages\/1352\/revisions\/1359"}],"wp:attachment":[{"href":"https:\/\/the-home.berlin\/index.php\/wp-json\/wp\/v2\/media?parent=1352"}],"curies":[{"name":"wp","href":"https:\/\/api.w.org\/{rel}","templated":true}]}}